{"id":1263,"date":"2023-09-12T19:50:31","date_gmt":"2023-09-12T16:50:31","guid":{"rendered":"https:\/\/www.lappeenrannanjoogakerho.fi\/?page_id=1263"},"modified":"2023-11-10T15:20:46","modified_gmt":"2023-11-10T13:20:46","slug":"liity-jaseneksi","status":"publish","type":"page","link":"https:\/\/www.lappeenrannanjoogakerho.fi\/?page_id=1263","title":{"rendered":"Liity j\u00e4seneksi"},"content":{"rendered":"\t\t<div data-elementor-type=\"wp-page\" data-elementor-id=\"1263\" class=\"elementor elementor-1263\">\n\t\t\t\t\t\t\t\t\t<section class=\"elementor-section elementor-top-section elementor-element elementor-element-e9eea9b elementor-section-content-middle elementor-section-boxed elementor-section-height-default elementor-section-height-default wpr-particle-no wpr-jarallax-no wpr-parallax-no wpr-sticky-section-no\" data-id=\"e9eea9b\" data-element_type=\"section\">\n\t\t\t\t\t\t<div class=\"elementor-container elementor-column-gap-default\">\n\t\t\t\t\t<div class=\"elementor-column elementor-col-50 elementor-top-column elementor-element elementor-element-5b2299d\" data-id=\"5b2299d\" data-element_type=\"column\">\n\t\t\t<div class=\"elementor-widget-wrap elementor-element-populated\">\n\t\t\t\t\t\t\t\t<div class=\"elementor-element elementor-element-f7bcca7 elementor-widget elementor-widget-text-editor\" data-id=\"f7bcca7\" data-element_type=\"widget\" data-widget_type=\"text-editor.default\">\n\t\t\t\t<div class=\"elementor-widget-container\">\n\t\t\t<style>\/*! elementor - v3.15.0 - 20-08-2023 *\/\n.elementor-widget-text-editor.elementor-drop-cap-view-stacked .elementor-drop-cap{background-color:#69727d;color:#fff}.elementor-widget-text-editor.elementor-drop-cap-view-framed .elementor-drop-cap{color:#69727d;border:3px solid;background-color:transparent}.elementor-widget-text-editor:not(.elementor-drop-cap-view-default) .elementor-drop-cap{margin-top:8px}.elementor-widget-text-editor:not(.elementor-drop-cap-view-default) .elementor-drop-cap-letter{width:1em;height:1em}.elementor-widget-text-editor .elementor-drop-cap{float:left;text-align:center;line-height:1;font-size:50px}.elementor-widget-text-editor .elementor-drop-cap-letter{display:inline-block}<\/style>\t\t\t\t<p>Yhdistyksen toiminnassa<br>\u2022 on mukavia yhteisi\u00e4 tapaamisia joogaharjoitusten merkeiss\u00e4<br>\u2022 j\u00e4rjest\u00e4mme viikonloppukursseja<br>\u2022 mietimme el\u00e4m\u00e4\u00e4 ja joogaa sek\u00e4 joogafilosofiaan liittyvi\u00e4 asioita<br>\u2022 vierailevat opettajat pirist\u00e4v\u00e4t ja antavat vaihtelua<br>\u2022 on KES\u00c4JOOGAA ja talvisin PERJANTAIJOOGAA<br>\u2022 l\u00f6yd\u00e4mme iloksemme joskus jotain ihan muutakin kuin joogaa<\/p>\n<p>Meit\u00e4 j\u00e4seni\u00e4 on jo yli 150.<\/p>\n<p>Liity nyt mukaan:<br>1. T\u00e4yt\u00e4 oheinen liittymislomake<br>2. J\u00e4senmaksu on 15 \u20ac \/ vuosi (vuosikokous vahvistaa ao. vuoden maksun maaliskuussa) ja se maksetaan maaliskuussa Lappeenrannan joogakerho Ry:n tilille: FI43 5620 0940 0118 84<\/p>\n<p>Laskun viitenumero 20239<\/p>\t\t\t\t\t\t<\/div>\n\t\t\t\t<\/div>\n\t\t\t\t\t<\/div>\n\t\t<\/div>\n\t\t\t\t<div class=\"elementor-column elementor-col-50 elementor-top-column elementor-element elementor-element-3af3cb9\" data-id=\"3af3cb9\" data-element_type=\"column\">\n\t\t\t<div class=\"elementor-widget-wrap elementor-element-populated\">\n\t\t\t\t\t\t\t\t<div class=\"elementor-element elementor-element-bbadfe3 eael-contact-form-7-button-align-left eael-contact-form-7-button-custom elementor-widget elementor-widget-eael-contact-form-7\" data-id=\"bbadfe3\" data-element_type=\"widget\" data-widget_type=\"eael-contact-form-7.default\">\n\t\t\t\t<div class=\"elementor-widget-container\">\n\t\t\t<div class=\"eael-contact-form-7-wrapper\">\n                <div class=\"eael-contact-form eael-contact-form-7 eael-contact-form-bbadfe3 placeholder-show eael-contact-form-align-left\"><div class=\"eael-contact-form-7-heading\"><h3 class=\"eael-contact-form-title eael-contact-form-7-title\">\n                                    Liity j\u00e4seneksi\n                                <\/h3><\/div>\n<div class=\"wpcf7 no-js\" id=\"wpcf7-f1185-o1\" lang=\"fi\" dir=\"ltr\">\n<div class=\"screen-reader-response\"><p role=\"status\" aria-live=\"polite\" aria-atomic=\"true\"><\/p> <ul><\/ul><\/div>\n<form action=\"\/index.php?rest_route=%2Fwp%2Fv2%2Fpages%2F1263#wpcf7-f1185-o1\" method=\"post\" class=\"wpcf7-form init\" aria-label=\"Yhteydenottolomake\" novalidate=\"novalidate\" data-status=\"init\">\n<div style=\"display: none;\">\n<input type=\"hidden\" name=\"_wpcf7\" value=\"1185\" \/>\n<input type=\"hidden\" name=\"_wpcf7_version\" value=\"5.8\" \/>\n<input type=\"hidden\" name=\"_wpcf7_locale\" value=\"fi\" \/>\n<input type=\"hidden\" name=\"_wpcf7_unit_tag\" value=\"wpcf7-f1185-o1\" \/>\n<input type=\"hidden\" name=\"_wpcf7_container_post\" value=\"0\" \/>\n<input type=\"hidden\" name=\"_wpcf7_posted_data_hash\" value=\"\" \/>\n<\/div>\n<p><label> Nimi *<br \/>\n<span class=\"wpcf7-form-control-wrap\" data-name=\"your-name\"><input size=\"40\" class=\"wpcf7-form-control wpcf7-text wpcf7-validates-as-required\" aria-required=\"true\" aria-invalid=\"false\" value=\"\" type=\"text\" name=\"your-name\" \/><\/span> <\/label>\n<\/p>\n<p><label> S\u00e4hk\u00f6posti *<br \/>\n<span class=\"wpcf7-form-control-wrap\" data-name=\"your-email\"><input size=\"40\" class=\"wpcf7-form-control wpcf7-email wpcf7-validates-as-required wpcf7-text wpcf7-validates-as-email\" aria-required=\"true\" aria-invalid=\"false\" value=\"\" type=\"email\" name=\"your-email\" \/><\/span> <\/label>\n<\/p>\n<p><label> Puhelin *<br \/>\n<span class=\"wpcf7-form-control-wrap\" data-name=\"your-phone\"><input size=\"40\" class=\"wpcf7-form-control wpcf7-tel wpcf7-validates-as-required wpcf7-text wpcf7-validates-as-tel\" aria-required=\"true\" aria-invalid=\"false\" value=\"\" type=\"tel\" name=\"your-phone\" \/><\/span> <\/label>\n<\/p>\n<div class=\"acceptance\">\n\t<p><span class=\"wpcf7-form-control-wrap\" data-name=\"acceptance-890\"><span class=\"wpcf7-form-control wpcf7-acceptance\"><span class=\"wpcf7-list-item\"><input type=\"checkbox\" name=\"acceptance-890\" value=\"1\" aria-invalid=\"false\" \/><\/span><\/span><\/span> Hyv\u00e4ksyn <a href=\"https:\/\/www.lappeenrannanjoogakerho.fi\/?page_id=1220\" target=\"_blank\">tietosuojalomakkeen<\/a>\n\t<\/p>\n<\/div>\n<p><input class=\"wpcf7-form-control wpcf7-submit has-spinner\" type=\"submit\" value=\"L\u00e4het\u00e4\" \/>\n<\/p><div class=\"wpcf7-response-output\" aria-hidden=\"true\"><\/div>\n<\/form>\n<\/div>\n<\/div>\n            <\/div>\t\t<\/div>\n\t\t\t\t<\/div>\n\t\t\t\t\t<\/div>\n\t\t<\/div>\n\t\t\t\t\t\t\t<\/div>\n\t\t<\/section>\n\t\t\t\t<section class=\"elementor-section elementor-top-section elementor-element elementor-element-712c8be elementor-section-boxed elementor-section-height-default elementor-section-height-default wpr-particle-no wpr-jarallax-no wpr-parallax-no wpr-sticky-section-no\" data-id=\"712c8be\" data-element_type=\"section\">\n\t\t\t\t\t\t<div class=\"elementor-container elementor-column-gap-default\">\n\t\t\t\t\t<div class=\"elementor-column elementor-col-100 elementor-top-column elementor-element elementor-element-aebdd3e\" data-id=\"aebdd3e\" data-element_type=\"column\">\n\t\t\t<div class=\"elementor-widget-wrap elementor-element-populated\">\n\t\t\t\t\t\t\t\t<div class=\"elementor-element elementor-element-d6d37a6 elementor-widget elementor-widget-text-editor\" data-id=\"d6d37a6\" data-element_type=\"widget\" data-widget_type=\"text-editor.default\">\n\t\t\t\t<div class=\"elementor-widget-container\">\n\t\t\t\t\t\t\t<p>J\u00e4senille l\u00e4hetet\u00e4\u00e4n kaksi kertaa vuodessa j\u00e4senkirje. Maaliskuun j\u00e4senkirjeen mukana on j\u00e4senmaksukuitti ja muistutuksena ohjeet vuosittaisen j\u00e4senmaksun maksamisesta.<\/p><p>TULE MUKAAN JOOGAAMAAN!<\/p>\t\t\t\t\t\t<\/div>\n\t\t\t\t<\/div>\n\t\t\t\t\t<\/div>\n\t\t<\/div>\n\t\t\t\t\t\t\t<\/div>\n\t\t<\/section>\n\t\t\t\t\t\t\t<\/div>\n\t\t","protected":false},"excerpt":{"rendered":"<p>Yhdistyksen toiminnassa \u2022 on mukavia yhteisi\u00e4 tapaamisia joogaharjoitusten merkeiss\u00e4 \u2022 j\u00e4rjest\u00e4mme viikonloppukursseja \u2022 mietimme el\u00e4m\u00e4\u00e4 ja joogaa sek\u00e4 joogafilosofiaan liittyvi\u00e4 asioita \u2022 vierailevat opettajat pirist\u00e4v\u00e4t ja antavat vaihtelua \u2022 on KES\u00c4JOOGAA ja talvisin PERJANTAIJOOGAA \u2022 l\u00f6yd\u00e4mme iloksemme joskus jotain ihan muutakin kuin joogaa Meit\u00e4 j\u00e4seni\u00e4 on jo yli 150. Liity nyt mukaan: 1. T\u00e4yt\u00e4 oheinen &hellip;<\/p>\n<p class=\"read-more\"> <a class=\"\" href=\"https:\/\/www.lappeenrannanjoogakerho.fi\/?page_id=1263\"> <span class=\"screen-reader-text\">Liity j\u00e4seneksi<\/span> Lue lis\u00e4\u00e4 &raquo;<\/a><\/p>\n","protected":false},"author":11,"featured_media":0,"parent":0,"menu_order":0,"comment_status":"closed","ping_status":"closed","template":"","meta":{"site-sidebar-layout":"no-sidebar","site-content-layout":"","ast-site-content-layout":"full-width-container","site-content-style":"default","site-sidebar-style":"default","ast-global-header-display":"","ast-banner-title-visibility":"","ast-main-header-display":"","ast-hfb-above-header-display":"","ast-hfb-below-header-display":"","ast-hfb-mobile-header-display":"","site-post-title":"disabled","ast-breadcrumbs-content":"","ast-featured-img":"disabled","footer-sml-layout":"","theme-transparent-header-meta":"","adv-header-id-meta":"","stick-header-meta":"","header-above-stick-meta":"","header-main-stick-meta":"","header-below-stick-meta":"","astra-migrate-meta-layouts":"","footnotes":""},"aioseo_notices":[],"_links":{"self":[{"href":"https:\/\/www.lappeenrannanjoogakerho.fi\/index.php?rest_route=\/wp\/v2\/pages\/1263"}],"collection":[{"href":"https:\/\/www.lappeenrannanjoogakerho.fi\/index.php?rest_route=\/wp\/v2\/pages"}],"about":[{"href":"https:\/\/www.lappeenrannanjoogakerho.fi\/index.php?rest_route=\/wp\/v2\/types\/page"}],"author":[{"embeddable":true,"href":"https:\/\/www.lappeenrannanjoogakerho.fi\/index.php?rest_route=\/wp\/v2\/users\/11"}],"replies":[{"embeddable":true,"href":"https:\/\/www.lappeenrannanjoogakerho.fi\/index.php?rest_route=%2Fwp%2Fv2%2Fcomments&post=1263"}],"version-history":[{"count":27,"href":"https:\/\/www.lappeenrannanjoogakerho.fi\/index.php?rest_route=\/wp\/v2\/pages\/1263\/revisions"}],"predecessor-version":[{"id":1450,"href":"https:\/\/www.lappeenrannanjoogakerho.fi\/index.php?rest_route=\/wp\/v2\/pages\/1263\/revisions\/1450"}],"wp:attachment":[{"href":"https:\/\/www.lappeenrannanjoogakerho.fi\/index.php?rest_route=%2Fwp%2Fv2%2Fmedia&parent=1263"}],"curies":[{"name":"wp","href":"https:\/\/api.w.org\/{rel}","templated":true}]}}