{"id":1192,"date":"2023-09-11T20:25:31","date_gmt":"2023-09-11T17:25:31","guid":{"rendered":"https:\/\/www.lappeenrannanjoogakerho.fi\/wordpress\/?page_id=1192"},"modified":"2023-10-02T17:39:27","modified_gmt":"2023-10-02T14:39:27","slug":"historia","status":"publish","type":"page","link":"https:\/\/www.lappeenrannanjoogakerho.fi\/?page_id=1192","title":{"rendered":"Historia"},"content":{"rendered":"\t\t<div data-elementor-type=\"wp-page\" data-elementor-id=\"1192\" class=\"elementor elementor-1192\">\n\t\t\t\t\t\t\t\t\t<section class=\"elementor-section elementor-top-section elementor-element elementor-element-f750415 elementor-section-boxed elementor-section-height-default elementor-section-height-default wpr-particle-no wpr-jarallax-no wpr-parallax-no wpr-sticky-section-no\" data-id=\"f750415\" data-element_type=\"section\">\n\t\t\t\t\t\t<div class=\"elementor-container elementor-column-gap-default\">\n\t\t\t\t\t<div class=\"elementor-column elementor-col-100 elementor-top-column elementor-element elementor-element-570d42f\" data-id=\"570d42f\" data-element_type=\"column\">\n\t\t\t<div class=\"elementor-widget-wrap elementor-element-populated\">\n\t\t\t\t\t\t\t\t<div class=\"elementor-element elementor-element-bc99150 elementor-widget elementor-widget-spacer\" data-id=\"bc99150\" data-element_type=\"widget\" data-widget_type=\"spacer.default\">\n\t\t\t\t<div class=\"elementor-widget-container\">\n\t\t\t<style>\/*! elementor - v3.15.0 - 20-08-2023 *\/\n.elementor-column .elementor-spacer-inner{height:var(--spacer-size)}.e-con{--container-widget-width:100%}.e-con-inner>.elementor-widget-spacer,.e-con>.elementor-widget-spacer{width:var(--container-widget-width,var(--spacer-size));--align-self:var(--container-widget-align-self,initial);--flex-shrink:0}.e-con-inner>.elementor-widget-spacer>.elementor-widget-container,.e-con-inner>.elementor-widget-spacer>.elementor-widget-container>.elementor-spacer,.e-con>.elementor-widget-spacer>.elementor-widget-container,.e-con>.elementor-widget-spacer>.elementor-widget-container>.elementor-spacer{height:100%}.e-con-inner>.elementor-widget-spacer>.elementor-widget-container>.elementor-spacer>.elementor-spacer-inner,.e-con>.elementor-widget-spacer>.elementor-widget-container>.elementor-spacer>.elementor-spacer-inner{height:var(--container-widget-height,var(--spacer-size))}<\/style>\t\t<div class=\"elementor-spacer\">\n\t\t\t<div class=\"elementor-spacer-inner\"><\/div>\n\t\t<\/div>\n\t\t\t\t<\/div>\n\t\t\t\t<\/div>\n\t\t\t\t<div class=\"elementor-element elementor-element-a863f69 elementor-widget elementor-widget-heading\" data-id=\"a863f69\" data-element_type=\"widget\" data-widget_type=\"heading.default\">\n\t\t\t\t<div class=\"elementor-widget-container\">\n\t\t\t<style>\/*! elementor - v3.15.0 - 20-08-2023 *\/\n.elementor-heading-title{padding:0;margin:0;line-height:1}.elementor-widget-heading .elementor-heading-title[class*=elementor-size-]>a{color:inherit;font-size:inherit;line-height:inherit}.elementor-widget-heading .elementor-heading-title.elementor-size-small{font-size:15px}.elementor-widget-heading .elementor-heading-title.elementor-size-medium{font-size:19px}.elementor-widget-heading .elementor-heading-title.elementor-size-large{font-size:29px}.elementor-widget-heading .elementor-heading-title.elementor-size-xl{font-size:39px}.elementor-widget-heading .elementor-heading-title.elementor-size-xxl{font-size:59px}<\/style><h1 class=\"elementor-heading-title elementor-size-default\">Historiaa<\/h1>\t\t<\/div>\n\t\t\t\t<\/div>\n\t\t\t\t<div class=\"elementor-element elementor-element-1e2d297 elementor-widget elementor-widget-spacer\" data-id=\"1e2d297\" data-element_type=\"widget\" data-widget_type=\"spacer.default\">\n\t\t\t\t<div class=\"elementor-widget-container\">\n\t\t\t\t\t<div class=\"elementor-spacer\">\n\t\t\t<div class=\"elementor-spacer-inner\"><\/div>\n\t\t<\/div>\n\t\t\t\t<\/div>\n\t\t\t\t<\/div>\n\t\t\t\t<div class=\"elementor-element elementor-element-105c0cc elementor-widget elementor-widget-text-editor\" data-id=\"105c0cc\" data-element_type=\"widget\" data-widget_type=\"text-editor.default\">\n\t\t\t\t<div class=\"elementor-widget-container\">\n\t\t\t<style>\/*! elementor - v3.15.0 - 20-08-2023 *\/\n.elementor-widget-text-editor.elementor-drop-cap-view-stacked .elementor-drop-cap{background-color:#69727d;color:#fff}.elementor-widget-text-editor.elementor-drop-cap-view-framed .elementor-drop-cap{color:#69727d;border:3px solid;background-color:transparent}.elementor-widget-text-editor:not(.elementor-drop-cap-view-default) .elementor-drop-cap{margin-top:8px}.elementor-widget-text-editor:not(.elementor-drop-cap-view-default) .elementor-drop-cap-letter{width:1em;height:1em}.elementor-widget-text-editor .elementor-drop-cap{float:left;text-align:center;line-height:1;font-size:50px}.elementor-widget-text-editor .elementor-drop-cap-letter{display:inline-block}<\/style>\t\t\t\t<p>Joogakerhomme juhlisti 40-vuotista toimintaansa taipalsaaren J\u00e4nk\u00e4linnan kauniissa j\u00e4rvimaisemassa 9.6.2018. Mukana oli 30 innokasta joogia.<\/p><p>Ohjelma juhlap\u00e4iv\u00e4lle oli suunniteltu luonnon \u00e4\u00e4rell\u00e4 tapahtuvaksi ja sis\u00e4lsi mm. luontorasteja, mandaloitten tekoa, saunomista ja uintia. P\u00e4\u00e4asiana tietysti oli Saimaan rantamaisemissa joogaaminen, jota ohjasivat kerhon omat opettajat: Tiina Vahteristo, Sirpa Ripatti, Merja Tompuri ja Liisa Flykt.<\/p><p>J\u00e4nk\u00e4linnan is\u00e4nt\u00e4pari apujoukkoineen vastasi herkullisista tarjoiluista, jotka pohjautuivat luonnon antimiin kuten monipuolisiin vihanneksiin, savustettuun loheen ja itseleivottuihin leipiin. J\u00e4lkiruokana oli kahvin kanssa mehev\u00e4\u00e4 mansikkakakkua.<\/p><p>P\u00e4iv\u00e4n virallisemmassa osuudessa joogakerhon puheenjohtaja Tiina Vahteristo piti mielenkiintoisen esityksen kerhomme historiasta ja kertoili, miten kaikki sai alkunsa ja Maire Paarmo 13.4.1978 perusti Lappeenrannan joogakerhon. Imatran kerhon puheenjohtaja Annikki Peltonen v\u00e4litti oman kerhonsa puolesta onnittelut ja ojensi kerhollemme puisen \u201d JoogaEmman\u201d. Kiitos muistamisista Imatran joogakerholle!<\/p><p>Illan maagisin hetki koitti, kun J\u00e4nk\u00e4linnan is\u00e4nt\u00e4 \u2019 tohtoritaikuri\u2019 Ilkka Vertanen esitteli vieraille mahtavia taitojaan, joita joukolla \u00e4imisteltiin. Paperinpalat muuttuivat seteleiksi pelk\u00e4ll\u00e4 kopauttelulla tai puhalluksilla ja viel\u00e4 muuttivat muotoaan euroista dollareiksi.<\/p><p>kerhomme 40-vuotis juhlap\u00e4iv\u00e4 onnistui mainiosti pilvilpoutaisessa kes\u00e4s\u00e4\u00e4ss\u00e4 ja mahtavissa J\u00e4nk\u00e4linnan maisemissa.<\/p><p>Kiitokset kaikille osallistujille, yhdess\u00e4 me teimme p\u00e4iv\u00e4st\u00e4 ikimuistoisen!<\/p>\t\t\t\t\t\t<\/div>\n\t\t\t\t<\/div>\n\t\t\t\t<div class=\"elementor-element elementor-element-b57d1f5 elementor-widget elementor-widget-spacer\" data-id=\"b57d1f5\" data-element_type=\"widget\" data-widget_type=\"spacer.default\">\n\t\t\t\t<div class=\"elementor-widget-container\">\n\t\t\t\t\t<div class=\"elementor-spacer\">\n\t\t\t<div class=\"elementor-spacer-inner\"><\/div>\n\t\t<\/div>\n\t\t\t\t<\/div>\n\t\t\t\t<\/div>\n\t\t\t\t\t<\/div>\n\t\t<\/div>\n\t\t\t\t\t\t\t<\/div>\n\t\t<\/section>\n\t\t\t\t<section class=\"elementor-section elementor-top-section elementor-element elementor-element-978de1b elementor-section-boxed elementor-section-height-default elementor-section-height-default wpr-particle-no wpr-jarallax-no wpr-parallax-no wpr-sticky-section-no\" data-id=\"978de1b\" data-element_type=\"section\">\n\t\t\t\t\t\t<div class=\"elementor-container elementor-column-gap-default\">\n\t\t\t\t\t<div class=\"elementor-column elementor-col-100 elementor-top-column elementor-element elementor-element-327a7d0\" data-id=\"327a7d0\" data-element_type=\"column\">\n\t\t\t<div class=\"elementor-widget-wrap elementor-element-populated\">\n\t\t\t\t\t\t\t\t<div class=\"elementor-element elementor-element-2d5db5f elementor-widget elementor-widget-image\" data-id=\"2d5db5f\" data-element_type=\"widget\" data-widget_type=\"image.default\">\n\t\t\t\t<div class=\"elementor-widget-container\">\n\t\t\t<style>\/*! elementor - v3.15.0 - 20-08-2023 *\/\n.elementor-widget-image{text-align:center}.elementor-widget-image a{display:inline-block}.elementor-widget-image a img[src$=\".svg\"]{width:48px}.elementor-widget-image img{vertical-align:middle;display:inline-block}<\/style>\t\t\t\t\t\t\t\t\t\t\t\t<img decoding=\"async\" loading=\"lazy\" width=\"1024\" height=\"746\" src=\"https:\/\/www.lappeenrannanjoogakerho.fi\/wp-content\/uploads\/2018\/06\/40v-1024x746.jpg\" class=\"attachment-large size-large wp-image-691\" alt=\"\" srcset=\"https:\/\/www.lappeenrannanjoogakerho.fi\/wp-content\/uploads\/2018\/06\/40v-1024x746.jpg 1024w, https:\/\/www.lappeenrannanjoogakerho.fi\/wp-content\/uploads\/2018\/06\/40v-300x218.jpg 300w, https:\/\/www.lappeenrannanjoogakerho.fi\/wp-content\/uploads\/2018\/06\/40v-411x300.jpg 411w, https:\/\/www.lappeenrannanjoogakerho.fi\/wp-content\/uploads\/2018\/06\/40v.jpg 1805w\" sizes=\"(max-width: 1024px) 100vw, 1024px\" \/>\t\t\t\t\t\t\t\t\t\t\t\t\t\t\t<\/div>\n\t\t\t\t<\/div>\n\t\t\t\t\t<\/div>\n\t\t<\/div>\n\t\t\t\t\t\t\t<\/div>\n\t\t<\/section>\n\t\t\t\t<section class=\"elementor-section elementor-top-section elementor-element elementor-element-b75a163 elementor-section-boxed elementor-section-height-default elementor-section-height-default wpr-particle-no wpr-jarallax-no wpr-parallax-no wpr-sticky-section-no\" data-id=\"b75a163\" data-element_type=\"section\">\n\t\t\t\t\t\t<div class=\"elementor-container elementor-column-gap-default\">\n\t\t\t\t\t<div class=\"elementor-column elementor-col-100 elementor-top-column elementor-element elementor-element-138a102\" data-id=\"138a102\" data-element_type=\"column\">\n\t\t\t<div class=\"elementor-widget-wrap elementor-element-populated\">\n\t\t\t\t\t\t\t\t<div class=\"elementor-element elementor-element-3a04d89 elementor-widget elementor-widget-heading\" data-id=\"3a04d89\" data-element_type=\"widget\" data-widget_type=\"heading.default\">\n\t\t\t\t<div class=\"elementor-widget-container\">\n\t\t\t<h2 class=\"elementor-heading-title elementor-size-default\">40v juhla J\u00e4nk\u00e4salossa<\/h2>\t\t<\/div>\n\t\t\t\t<\/div>\n\t\t\t\t\t<\/div>\n\t\t<\/div>\n\t\t\t\t\t\t\t<\/div>\n\t\t<\/section>\n\t\t\t\t\t\t\t<\/div>\n\t\t","protected":false},"excerpt":{"rendered":"<p>Historiaa Joogakerhomme juhlisti 40-vuotista toimintaansa taipalsaaren J\u00e4nk\u00e4linnan kauniissa j\u00e4rvimaisemassa 9.6.2018. Mukana oli 30 innokasta joogia. Ohjelma juhlap\u00e4iv\u00e4lle oli suunniteltu luonnon \u00e4\u00e4rell\u00e4 tapahtuvaksi ja sis\u00e4lsi mm. luontorasteja, mandaloitten tekoa, saunomista ja uintia. P\u00e4\u00e4asiana tietysti oli Saimaan rantamaisemissa joogaaminen, jota ohjasivat kerhon omat opettajat: Tiina Vahteristo, Sirpa Ripatti, Merja Tompuri ja Liisa Flykt. J\u00e4nk\u00e4linnan is\u00e4nt\u00e4pari apujoukkoineen vastasi &hellip;<\/p>\n<p class=\"read-more\"> <a class=\"\" href=\"https:\/\/www.lappeenrannanjoogakerho.fi\/?page_id=1192\"> <span class=\"screen-reader-text\">Historia<\/span> Lue lis\u00e4\u00e4 &raquo;<\/a><\/p>\n","protected":false},"author":11,"featured_media":791,"parent":0,"menu_order":0,"comment_status":"closed","ping_status":"closed","template":"","meta":{"site-sidebar-layout":"default","site-content-layout":"","ast-site-content-layout":"","site-content-style":"default","site-sidebar-style":"default","ast-global-header-display":"","ast-banner-title-visibility":"","ast-main-header-display":"","ast-hfb-above-header-display":"","ast-hfb-below-header-display":"","ast-hfb-mobile-header-display":"","site-post-title":"","ast-breadcrumbs-content":"","ast-featured-img":"","footer-sml-layout":"","theme-transparent-header-meta":"","adv-header-id-meta":"","stick-header-meta":"","header-above-stick-meta":"","header-main-stick-meta":"","header-below-stick-meta":"","astra-migrate-meta-layouts":"","footnotes":""},"aioseo_notices":[],"_links":{"self":[{"href":"https:\/\/www.lappeenrannanjoogakerho.fi\/index.php?rest_route=\/wp\/v2\/pages\/1192"}],"collection":[{"href":"https:\/\/www.lappeenrannanjoogakerho.fi\/index.php?rest_route=\/wp\/v2\/pages"}],"about":[{"href":"https:\/\/www.lappeenrannanjoogakerho.fi\/index.php?rest_route=\/wp\/v2\/types\/page"}],"author":[{"embeddable":true,"href":"https:\/\/www.lappeenrannanjoogakerho.fi\/index.php?rest_route=\/wp\/v2\/users\/11"}],"replies":[{"embeddable":true,"href":"https:\/\/www.lappeenrannanjoogakerho.fi\/index.php?rest_route=%2Fwp%2Fv2%2Fcomments&post=1192"}],"version-history":[{"count":23,"href":"https:\/\/www.lappeenrannanjoogakerho.fi\/index.php?rest_route=\/wp\/v2\/pages\/1192\/revisions"}],"predecessor-version":[{"id":1444,"href":"https:\/\/www.lappeenrannanjoogakerho.fi\/index.php?rest_route=\/wp\/v2\/pages\/1192\/revisions\/1444"}],"wp:featuredmedia":[{"embeddable":true,"href":"https:\/\/www.lappeenrannanjoogakerho.fi\/index.php?rest_route=\/wp\/v2\/media\/791"}],"wp:attachment":[{"href":"https:\/\/www.lappeenrannanjoogakerho.fi\/index.php?rest_route=%2Fwp%2Fv2%2Fmedia&parent=1192"}],"curies":[{"name":"wp","href":"https:\/\/api.w.org\/{rel}","templated":true}]}}